{"id":1094,"date":"2022-03-20T16:44:05","date_gmt":"2022-03-20T16:44:05","guid":{"rendered":"https:\/\/mobilexport.com\/?page_id=1094"},"modified":"2026-02-14T14:56:03","modified_gmt":"2026-02-14T14:56:03","slug":"privates-zentrum-fur-mund-und-zahngesundheit-bagcilar","status":"publish","type":"page","link":"https:\/\/www.alphamicetour.com\/de\/privates-zentrum-fur-mund-und-zahngesundheit-bagcilar\/","title":{"rendered":"Privates Zentrum f\u00fcr Mund- und Zahngesundheit Ba\u011fc\u0131lar"},"content":{"rendered":"<div id=\"pl-gb1094-69e60fdf545bf\"  class=\"panel-layout panel-layout\" ><div id=\"pg-gb1094-69e60fdf545bf-0\"  class=\"panel-grid panel-no-style\" ><div id=\"pgc-gb1094-69e60fdf545bf-0-0\"  class=\"panel-grid-cell\"  data-weight=\"1\" ><div id=\"panel-gb1094-69e60fdf545bf-0-0-0\" class=\"so-panel widget widget_text panel-first-child panel-last-child\" data-index=\"0\" data-style=\"{&quot;background_image_attachment&quot;:false,&quot;background_display&quot;:&quot;tile&quot;,&quot;background_image_size&quot;:&quot;full&quot;,&quot;background_image_opacity&quot;:&quot;100&quot;,&quot;border_thickness&quot;:&quot;1px&quot;}\" >\t\t\t<div class=\"textwidget\"><h3 class=\"wp-block-heading\"><a href=\"https:\/\/bagcilaradsm.com\/\" target=\"_blank\" rel=\"noreferrer noopener\">www.bagcilaradsm.com<\/a><\/h3>\n<p>Mund- und Zahngesundheit<br data-start=\"24\" data-end=\"27\" \/>Zahnimplantat-Behandlung<br data-start=\"51\" data-end=\"54\" \/>Hollywood-L\u00e4cheln<br data-start=\"71\" data-end=\"74\" \/>Zahnaufhellung<br data-start=\"88\" data-end=\"91\" \/>Zahnersatz<br data-start=\"101\" data-end=\"104\" \/>Mund- und Zahngesundheit<br data-start=\"128\" data-end=\"131\" \/>Zahnsteinentfernung (Scaling)<br data-start=\"160\" data-end=\"163\" \/>Vollkeramikkrone<br data-start=\"179\" data-end=\"182\" \/>Wurzelkanalbehandlung<br data-start=\"203\" data-end=\"206\" \/>Komposit-Veneer<br data-start=\"221\" data-end=\"224\" \/>Kieferorthop\u00e4dische Behandlung<br data-start=\"254\" data-end=\"257\" \/>Parodontologie<br data-start=\"271\" data-end=\"274\" \/>Keramik-Veneer<br data-start=\"288\" data-end=\"291\" \/>Zirkonkrone<\/p>\n<\/div>\n\t\t<\/div><\/div><\/div><\/div>","protected":false},"excerpt":{"rendered":"<p>Mund- und Zahngesundheit Zahnimplantatbehandlung Hollywood-Smile Zahnaufhellung Zahnersatz Mund- und Zahngesundheit Zahnsteinentfernung (Scaling) Vollkeramikkrone Wurzelkanalbehandlung Kompositverblendung Kieferorthop\u00e4dische Behandlung Parodontologie Porzellanverblendung Zirkoniumkrone<\/p>\n","protected":false},"author":1,"featured_media":1314,"parent":0,"menu_order":0,"comment_status":"closed","ping_status":"closed","template":"","meta":{"footnotes":""},"class_list":["post-1094","page","type-page","status-publish","has-post-thumbnail","hentry"],"aioseo_notices":[],"_links":{"self":[{"href":"https:\/\/www.alphamicetour.com\/de\/wp-json\/wp\/v2\/pages\/1094","targetHints":{"allow":["GET"]}}],"collection":[{"href":"https:\/\/www.alphamicetour.com\/de\/wp-json\/wp\/v2\/pages"}],"about":[{"href":"https:\/\/www.alphamicetour.com\/de\/wp-json\/wp\/v2\/types\/page"}],"author":[{"embeddable":true,"href":"https:\/\/www.alphamicetour.com\/de\/wp-json\/wp\/v2\/users\/1"}],"replies":[{"embeddable":true,"href":"https:\/\/www.alphamicetour.com\/de\/wp-json\/wp\/v2\/comments?post=1094"}],"version-history":[{"count":13,"href":"https:\/\/www.alphamicetour.com\/de\/wp-json\/wp\/v2\/pages\/1094\/revisions"}],"predecessor-version":[{"id":1574,"href":"https:\/\/www.alphamicetour.com\/de\/wp-json\/wp\/v2\/pages\/1094\/revisions\/1574"}],"wp:featuredmedia":[{"embeddable":true,"href":"https:\/\/www.alphamicetour.com\/de\/wp-json\/wp\/v2\/media\/1314"}],"wp:attachment":[{"href":"https:\/\/www.alphamicetour.com\/de\/wp-json\/wp\/v2\/media?parent=1094"}],"curies":[{"name":"wp","href":"https:\/\/api.w.org\/{rel}","templated":true}]}}