{"id":1102,"date":"2022-03-20T16:51:26","date_gmt":"2022-03-20T16:51:26","guid":{"rendered":"https:\/\/mobilexport.com\/?page_id=1102"},"modified":"2026-02-14T14:53:47","modified_gmt":"2026-02-14T14:53:47","slug":"medicana-international-izmir-krankenhaus","status":"publish","type":"page","link":"https:\/\/www.alphamicetour.com\/de\/medicana-international-izmir-krankenhaus\/","title":{"rendered":"Medicana International Izmir Krankenhaus"},"content":{"rendered":"<div id=\"pl-gb1102-69e6114e54d15\"  class=\"panel-layout panel-layout\" ><div id=\"pg-gb1102-69e6114e54d15-0\"  class=\"panel-grid panel-no-style\" ><div id=\"pgc-gb1102-69e6114e54d15-0-0\"  class=\"panel-grid-cell\"  data-weight=\"1\" ><div id=\"panel-gb1102-69e6114e54d15-0-0-0\" class=\"so-panel widget widget_text panel-first-child panel-last-child\" data-index=\"0\" data-style=\"{&quot;background_image_attachment&quot;:false,&quot;background_display&quot;:&quot;tile&quot;,&quot;background_image_size&quot;:&quot;full&quot;,&quot;background_image_opacity&quot;:&quot;100&quot;,&quot;border_thickness&quot;:&quot;1px&quot;}\" >\t\t\t<div class=\"textwidget\"><h1 id=\"genel-tanitim\">Medicana International Izmir Krankenhaus<\/h1>\n<p>Mit 28 Jahren Erfahrung im Gesundheitswesen in der T\u00fcrkei setzt die Medicana Health Group weiterhin Ma\u00dfst\u00e4be f\u00fcr zuk\u00fcnftige Gesundheitsdienstleistungen und behandelt j\u00e4hrlich \u00fcber 2 Millionen Patienten. Mit 12 Krankenh\u00e4usern in Istanbul, Ankara, Bursa, Konya, Samsun und Sivas sowie bedeutenden Investitionen im Gesundheitswesen z\u00e4hlt die Medicana Healthcare Group zu den 500 f\u00fchrenden Unternehmen der T\u00fcrkei und w\u00e4chst mit der Aufnahme des Medicana International Izmir Hospital in ihre Gesundheitskette weiter.<\/p>\n<p data-start=\"42\" data-end=\"313\">Das <strong data-start=\"46\" data-end=\"90\">Medicana International \u0130zmir Krankenhaus<\/strong>, eines der umfassendsten Gesundheitszentren in der \u00c4g\u00e4isregion, strebt mit moderner Medizintechnologie, einem starken akademischen \u00c4rzteteam und seiner einzigartigen Architektur nach Exzellenz in der Gesundheitsversorgung.<\/p>\n<p data-start=\"315\" data-end=\"716\">Wie alle anderen Krankenh\u00e4user der Medicana Health Group erbringt es Gesundheitsdienstleistungen im Rahmen von Vereinbarungen mit der Sozialversicherungsanstalt (SGK) sowie privaten Versicherungsgesellschaften. Das Medicana International \u0130zmir Krankenhaus setzt zudem als bedeutendes Zentrum f\u00fcr die Behandlung internationaler Patienten in multidisziplin\u00e4ren medizinischen Fachbereichen hohe Ma\u00dfst\u00e4be.<\/p>\n<p data-start=\"718\" data-end=\"1032\">Das Medicana International \u0130zmir Krankenhaus, das auf dem grundlegenden Qualit\u00e4tsansatz der Medicana Health Group basiert und mit einer Investition von 110 Millionen US-Dollar realisiert wurde, bietet einen multidisziplin\u00e4ren Diagnose- und Behandlungsansatz in Kombination mit maximalem Komfort und hoher Qualit\u00e4t.<\/p>\n<p data-start=\"1034\" data-end=\"1334\">Durch die Verbindung modernster Krankenhausarchitektur mit hotel\u00e4hnlichem Komfort wurden die Patientenzimmer, Warte- und Ambulanzbereiche, Diagnose- und Untersuchungseinheiten, Parkfl\u00e4chen sowie Notfallzufahrten sorgf\u00e4ltig und entsprechend den Erwartungen von Patienten und deren Angeh\u00f6rigen geplant.<\/p>\n<p data-start=\"1336\" data-end=\"1508\">Das Medicana International \u0130zmir Krankenhaus verf\u00fcgt \u00fcber eine Kapazit\u00e4t von 100 Betten, 8 Operationss\u00e4len, 14 Intensivpflegebetten sowie einen Parkplatz f\u00fcr 140 Fahrzeuge.<\/p>\n<p><a class=\"gutentor-button gutentor-block-button gutentor-icon-hide\" style=\"color: #000; font-size: 30px;\" href=\"https:\/\/www.medicana.com.tr\/\" target=\"_blank\" rel=\"noopener\">Website des Medicana International Izmir Hospital<\/a><\/p>\n<\/div>\n\t\t<\/div><\/div><\/div><\/div>","protected":false},"excerpt":{"rendered":"<p>Mit 28 Jahren Erfahrung im Gesundheitswesen in der T\u00fcrkei setzt die Medicana Health Group weiterhin Ma\u00dfst\u00e4be f\u00fcr zuk\u00fcnftige Gesundheitsdienstleistungen und behandelt j\u00e4hrlich \u00fcber 2 Millionen Patienten. Mit 12 Krankenh\u00e4usern in Istanbul, Ankara, Bursa, Konya, Samsun und Sivas sowie bedeutenden Investitionen im Gesundheitswesen z\u00e4hlt die Medicana Healthcare Group zu den 500 f\u00fchrenden Unternehmen der T\u00fcrkei und w\u00e4chst mit der Aufnahme des Medicana International Izmir Hospital in ihre Gesundheitskette weiter.<\/p>\n","protected":false},"author":1,"featured_media":1332,"parent":0,"menu_order":0,"comment_status":"closed","ping_status":"closed","template":"","meta":{"footnotes":""},"class_list":["post-1102","page","type-page","status-publish","has-post-thumbnail","hentry"],"aioseo_notices":[],"_links":{"self":[{"href":"https:\/\/www.alphamicetour.com\/de\/wp-json\/wp\/v2\/pages\/1102","targetHints":{"allow":["GET"]}}],"collection":[{"href":"https:\/\/www.alphamicetour.com\/de\/wp-json\/wp\/v2\/pages"}],"about":[{"href":"https:\/\/www.alphamicetour.com\/de\/wp-json\/wp\/v2\/types\/page"}],"author":[{"embeddable":true,"href":"https:\/\/www.alphamicetour.com\/de\/wp-json\/wp\/v2\/users\/1"}],"replies":[{"embeddable":true,"href":"https:\/\/www.alphamicetour.com\/de\/wp-json\/wp\/v2\/comments?post=1102"}],"version-history":[{"count":19,"href":"https:\/\/www.alphamicetour.com\/de\/wp-json\/wp\/v2\/pages\/1102\/revisions"}],"predecessor-version":[{"id":1573,"href":"https:\/\/www.alphamicetour.com\/de\/wp-json\/wp\/v2\/pages\/1102\/revisions\/1573"}],"wp:featuredmedia":[{"embeddable":true,"href":"https:\/\/www.alphamicetour.com\/de\/wp-json\/wp\/v2\/media\/1332"}],"wp:attachment":[{"href":"https:\/\/www.alphamicetour.com\/de\/wp-json\/wp\/v2\/media?parent=1102"}],"curies":[{"name":"wp","href":"https:\/\/api.w.org\/{rel}","templated":true}]}}