{"id":895,"date":"2022-03-19T07:16:53","date_gmt":"2022-03-19T07:16:53","guid":{"rendered":"https:\/\/mobilexport.com\/?page_id=895"},"modified":"2026-02-14T14:41:32","modified_gmt":"2026-02-14T14:41:32","slug":"uber-uns","status":"publish","type":"page","link":"https:\/\/www.alphamicetour.com\/de\/uber-uns\/","title":{"rendered":"\u00dcber Uns"},"content":{"rendered":"<div id=\"pl-gb895-69e60ce8a5c41\"  class=\"panel-layout panel-layout\" ><div id=\"pg-gb895-69e60ce8a5c41-0\"  class=\"panel-grid panel-no-style\"  data-style=\"{&quot;background_image_attachment&quot;:false,&quot;background_display&quot;:&quot;tile&quot;,&quot;background_image_size&quot;:&quot;full&quot;,&quot;background_image_opacity&quot;:&quot;100&quot;,&quot;border_thickness&quot;:&quot;1px&quot;,&quot;full_height&quot;:&quot;&quot;,&quot;cell_alignment&quot;:&quot;flex-start&quot;}\" ><div id=\"pgc-gb895-69e60ce8a5c41-0-0\"  class=\"panel-grid-cell\"  data-weight=\"1\" ><div id=\"panel-gb895-69e60ce8a5c41-0-0-0\" class=\"so-panel widget widget_text panel-first-child panel-last-child\" data-index=\"0\" data-style=\"{&quot;background_image_attachment&quot;:false,&quot;background_display&quot;:&quot;tile&quot;,&quot;background_image_size&quot;:&quot;full&quot;,&quot;background_image_opacity&quot;:&quot;100&quot;,&quot;border_thickness&quot;:&quot;1px&quot;}\" >\t\t\t<div class=\"textwidget\"><h3 class=\"wp-block-heading\"><strong>Zus\u00e4tzlich zu unseren Gesundheits\u00adtourismus-Dienstleistungen bieten wir unseren Patienten auch Flughafentransfers vom Flughafen zu hochwertigen Hotels und zur\u00fcck zum Flughafen an. In unseren Vertragshotels bieten wir eine komfortable und preisg\u00fcnstige Unterkunft, die auf ihr Budget und ihre individuellen Bed\u00fcrfnisse abgestimmt ist.<\/strong><\/h3>\n<h2 class=\"wp-block-heading\">Wir unterst\u00fctzen unsere Patienten au\u00dferdem dabei, von m\u00f6glichen Rabatten bestimmter Unternehmen, wie beispielsweise Turkish Airlines, zu profitieren.<\/h2>\n<p>Auf Wunsch unserer Patienten organisieren wir gef\u00fchrte Touren zu historischen Sehensw\u00fcrdigkeiten, Einkaufszentren, zum Gro\u00dfen Basar in Istanbul oder in andere bekannte touristische St\u00e4dte (Antalya, Bodrum, Izmir, Ephesus, Ku\u015fadas\u0131, Bursa, Kappadokien), begleitet von erfahrenen Dolmetschern und entsprechend ihrem Budget sowie ihrem Zeitplan.<\/p>\n<\/div>\n\t\t<\/div><\/div><\/div><\/div>","protected":false},"excerpt":{"rendered":"<p>Neben dem professionellen Medizintourismus bieten wir unseren Patienten auch den Transport vom Flughafen zu hochwertigen Hotels und zur\u00fcck zum Flughafen an.<\/p>\n","protected":false},"author":1,"featured_media":1282,"parent":0,"menu_order":0,"comment_status":"closed","ping_status":"closed","template":"","meta":{"footnotes":""},"class_list":["post-895","page","type-page","status-publish","has-post-thumbnail","hentry"],"aioseo_notices":[],"_links":{"self":[{"href":"https:\/\/www.alphamicetour.com\/de\/wp-json\/wp\/v2\/pages\/895","targetHints":{"allow":["GET"]}}],"collection":[{"href":"https:\/\/www.alphamicetour.com\/de\/wp-json\/wp\/v2\/pages"}],"about":[{"href":"https:\/\/www.alphamicetour.com\/de\/wp-json\/wp\/v2\/types\/page"}],"author":[{"embeddable":true,"href":"https:\/\/www.alphamicetour.com\/de\/wp-json\/wp\/v2\/users\/1"}],"replies":[{"embeddable":true,"href":"https:\/\/www.alphamicetour.com\/de\/wp-json\/wp\/v2\/comments?post=895"}],"version-history":[{"count":15,"href":"https:\/\/www.alphamicetour.com\/de\/wp-json\/wp\/v2\/pages\/895\/revisions"}],"predecessor-version":[{"id":1566,"href":"https:\/\/www.alphamicetour.com\/de\/wp-json\/wp\/v2\/pages\/895\/revisions\/1566"}],"wp:featuredmedia":[{"embeddable":true,"href":"https:\/\/www.alphamicetour.com\/de\/wp-json\/wp\/v2\/media\/1282"}],"wp:attachment":[{"href":"https:\/\/www.alphamicetour.com\/de\/wp-json\/wp\/v2\/media?parent=895"}],"curies":[{"name":"wp","href":"https:\/\/api.w.org\/{rel}","templated":true}]}}