{"id":913,"date":"2022-03-19T07:28:07","date_gmt":"2022-03-19T07:28:07","guid":{"rendered":"https:\/\/mobilexport.com\/?page_id=913"},"modified":"2026-02-14T15:07:15","modified_gmt":"2026-02-14T15:07:15","slug":"unsere-mission","status":"publish","type":"page","link":"https:\/\/www.alphamicetour.com\/de\/unsere-mission\/","title":{"rendered":"Unsere Mission"},"content":{"rendered":"<h3>Wir konzentrieren uns stets auf die Gesundheit, Rechte und W\u00fcnsche unserer Patienten, basierend auf ethischen Grunds\u00e4tzen im Rahmen der gesetzlichen Bestimmungen, um ihre Lebensqualit\u00e4t zu verbessern.<\/h3>\n<p>Wir f\u00fchren alle notwendigen Untersuchungen durch, um unseren Patienten hochwertige Dienstleistungen zu erschwinglichen Preisen f\u00fcr ihre Behandlungen anbieten zu k\u00f6nnen.<\/p>\n<p><strong>Wir bieten unseren Patienten vor der Behandlung und w\u00e4hrend ihrer gesamten Genesungsphase einen hochwertigen Service und eine hochwertige Unterbringung.<\/strong><\/p>\n<p>Wir \u00fcberwachen jeden Schritt ihrer medizinischen Behandlung und sorgen daf\u00fcr, dass sie sich w\u00e4hrend ihres Aufenthalts in der T\u00fcrkei wie zu Hause f\u00fchlen, wobei wir ihre kulturellen Unterschiede ber\u00fccksichtigen.<\/p>\n","protected":false},"excerpt":{"rendered":"<p>Wir sorgen daf\u00fcr, dass sie sich w\u00e4hrend ihres Aufenthalts in der T\u00fcrkei wie zu Hause f\u00fchlen, und ber\u00fccksichtigen dabei ihre kulturellen Unterschiede.<\/p>\n","protected":false},"author":1,"featured_media":1283,"parent":0,"menu_order":0,"comment_status":"closed","ping_status":"closed","template":"","meta":{"footnotes":""},"class_list":["post-913","page","type-page","status-publish","has-post-thumbnail","hentry"],"aioseo_notices":[],"_links":{"self":[{"href":"https:\/\/www.alphamicetour.com\/de\/wp-json\/wp\/v2\/pages\/913","targetHints":{"allow":["GET"]}}],"collection":[{"href":"https:\/\/www.alphamicetour.com\/de\/wp-json\/wp\/v2\/pages"}],"about":[{"href":"https:\/\/www.alphamicetour.com\/de\/wp-json\/wp\/v2\/types\/page"}],"author":[{"embeddable":true,"href":"https:\/\/www.alphamicetour.com\/de\/wp-json\/wp\/v2\/users\/1"}],"replies":[{"embeddable":true,"href":"https:\/\/www.alphamicetour.com\/de\/wp-json\/wp\/v2\/comments?post=913"}],"version-history":[{"count":6,"href":"https:\/\/www.alphamicetour.com\/de\/wp-json\/wp\/v2\/pages\/913\/revisions"}],"predecessor-version":[{"id":1585,"href":"https:\/\/www.alphamicetour.com\/de\/wp-json\/wp\/v2\/pages\/913\/revisions\/1585"}],"wp:featuredmedia":[{"embeddable":true,"href":"https:\/\/www.alphamicetour.com\/de\/wp-json\/wp\/v2\/media\/1283"}],"wp:attachment":[{"href":"https:\/\/www.alphamicetour.com\/de\/wp-json\/wp\/v2\/media?parent=913"}],"curies":[{"name":"wp","href":"https:\/\/api.w.org\/{rel}","templated":true}]}}