{"id":920,"date":"2022-03-19T07:30:36","date_gmt":"2022-03-19T07:30:36","guid":{"rendered":"https:\/\/mobilexport.com\/?page_id=920"},"modified":"2026-02-14T15:08:23","modified_gmt":"2026-02-14T15:08:23","slug":"warum-die-turkei","status":"publish","type":"page","link":"https:\/\/www.alphamicetour.com\/de\/warum-die-turkei\/","title":{"rendered":"Warum die T\u00fcrkei?"},"content":{"rendered":"<div id=\"pl-gb920-69e60e7150e85\"  class=\"panel-layout panel-layout\" ><div id=\"pg-gb920-69e60e7150e85-0\"  class=\"panel-grid panel-no-style\" ><div id=\"pgc-gb920-69e60e7150e85-0-0\"  class=\"panel-grid-cell\"  data-weight=\"1\" ><div id=\"panel-gb920-69e60e7150e85-0-0-0\" class=\"so-panel widget widget_text panel-first-child panel-last-child\" data-index=\"0\" data-style=\"{&quot;background_image_attachment&quot;:false,&quot;background_display&quot;:&quot;tile&quot;,&quot;background_image_size&quot;:&quot;full&quot;,&quot;background_image_opacity&quot;:&quot;100&quot;,&quot;border_thickness&quot;:&quot;1px&quot;}\" >\t\t\t<div class=\"textwidget\"><p><strong>Das Wachstum im Medizintourismus ist weitgehend auf Fortschritte in der medizinischen Fachkompetenz und Technologie, die Verk\u00fcrzung der Wartezeiten f\u00fcr Behandlungen sowie die Senkung der Reise- und Behandlungskosten zur\u00fcckzuf\u00fchren.<\/strong><\/p>\n<p>Die Kosten f\u00fcr diagnostische Leistungen und Behandlungen in der T\u00fcrkei sind im Vergleich zu den meisten L\u00e4ndern deutlich niedriger, ohne dabei Kompromisse bei hoher Qualit\u00e4t und h\u00f6chstem Erfolgsniveau einzugehen.<\/p>\n<p>Heute ist die T\u00fcrkei aufgrund ihrer geografischen Lage, Servicequalit\u00e4t und erschwinglichen Preise in fast allen L\u00e4ndern der Welt das am meisten bevorzugte Land im Hinblick auf Gesundheitsdienstleistungen und Tourismus. In den letzten Jahren ist die T\u00fcrkei mit ihren hochprofessionellen und erfahrenen \u00c4rzten zu einem f\u00fchrenden Land im Bereich medizinischer Behandlungen geworden.<\/p>\n<p>Die T\u00fcrkei ist ein Land, das von vielen L\u00e4ndern, insbesondere aus europ\u00e4ischen und nah\u00f6stlichen L\u00e4ndern, in sehr kurzer Zeit bequem mit dem Flugzeug erreichbar ist. Viele bekannte St\u00e4dte in der T\u00fcrkei verf\u00fcgen \u00fcber internationale Flugh\u00e4fen.<\/p>\n<p class=\"has-white-color has-black-background-color has-text-color has-background has-medium-font-size\">Die T\u00fcrkei ist zudem eines der attraktivsten und renommiertesten Reiseziele aufgrund ihrer beeindruckenden Natur, Geschichte, K\u00fcsten, Hotels, weltber\u00fchmten Str\u00e4nde und hochwertigen Tourismusdienstleistungen.<\/p>\n<\/div>\n\t\t<\/div><\/div><\/div><\/div>","protected":false},"excerpt":{"rendered":"<p>Die T\u00fcrkei hat sich in den letzten Jahren mit ihren hochprofessionellen und erfahrenen \u00c4rzten zu einem f\u00fchrenden Land im Bereich der medizinischen Behandlungen entwickelt.<\/p>\n","protected":false},"author":1,"featured_media":1284,"parent":0,"menu_order":0,"comment_status":"closed","ping_status":"closed","template":"","meta":{"footnotes":""},"class_list":["post-920","page","type-page","status-publish","has-post-thumbnail","hentry"],"aioseo_notices":[],"_links":{"self":[{"href":"https:\/\/www.alphamicetour.com\/de\/wp-json\/wp\/v2\/pages\/920","targetHints":{"allow":["GET"]}}],"collection":[{"href":"https:\/\/www.alphamicetour.com\/de\/wp-json\/wp\/v2\/pages"}],"about":[{"href":"https:\/\/www.alphamicetour.com\/de\/wp-json\/wp\/v2\/types\/page"}],"author":[{"embeddable":true,"href":"https:\/\/www.alphamicetour.com\/de\/wp-json\/wp\/v2\/users\/1"}],"replies":[{"embeddable":true,"href":"https:\/\/www.alphamicetour.com\/de\/wp-json\/wp\/v2\/comments?post=920"}],"version-history":[{"count":11,"href":"https:\/\/www.alphamicetour.com\/de\/wp-json\/wp\/v2\/pages\/920\/revisions"}],"predecessor-version":[{"id":1586,"href":"https:\/\/www.alphamicetour.com\/de\/wp-json\/wp\/v2\/pages\/920\/revisions\/1586"}],"wp:featuredmedia":[{"embeddable":true,"href":"https:\/\/www.alphamicetour.com\/de\/wp-json\/wp\/v2\/media\/1284"}],"wp:attachment":[{"href":"https:\/\/www.alphamicetour.com\/de\/wp-json\/wp\/v2\/media?parent=920"}],"curies":[{"name":"wp","href":"https:\/\/api.w.org\/{rel}","templated":true}]}}