{"id":988,"date":"2022-03-19T14:40:52","date_gmt":"2022-03-19T14:40:52","guid":{"rendered":"https:\/\/mobilexport.com\/?page_id=988"},"modified":"2026-02-14T15:06:18","modified_gmt":"2026-02-14T15:06:18","slug":"visumverfahren","status":"publish","type":"page","link":"https:\/\/www.alphamicetour.com\/de\/visumverfahren\/","title":{"rendered":"Visumverfahren"},"content":{"rendered":"<div id=\"pl-gb988-69e60e9ac8e93\"  class=\"panel-layout panel-layout\" ><div id=\"pg-gb988-69e60e9ac8e93-0\"  class=\"panel-grid panel-no-style\" ><div id=\"pgc-gb988-69e60e9ac8e93-0-0\"  class=\"panel-grid-cell\"  data-weight=\"1\" ><div id=\"panel-gb988-69e60e9ac8e93-0-0-0\" class=\"so-panel widget widget_text panel-first-child panel-last-child\" data-index=\"0\" data-style=\"{&quot;background_image_attachment&quot;:false,&quot;background_display&quot;:&quot;tile&quot;,&quot;background_image_size&quot;:&quot;full&quot;,&quot;background_image_opacity&quot;:&quot;100&quot;,&quot;border_thickness&quot;:&quot;1px&quot;}\" >\t\t\t<div class=\"textwidget\"><p>Unsere professionellen Reiseberater bieten Ihnen die notwendige Unterst\u00fctzung, um die Vorbereitungszeit f\u00fcr Visumsantr\u00e4ge f\u00fcr ausl\u00e4ndische Patienten und ihre Angeh\u00f6rigen, die in unser Land reisen, zu verk\u00fcrzen, um sicherzustellen, dass die Verfahren korrekt und schnell abgewickelt werden, um sie weiterzuverfolgen und somit die Visumsverfahren so schnell und m\u00fchelos wie m\u00f6glich abzuschlie\u00dfen. Alle Patienten und ihre Angeh\u00f6rigen erhalten von unseren Reiseberatern umfassende professionelle Unterst\u00fctzung in Bezug auf Visumsverfahren.<\/p>\n<p>An dieser Stelle m\u00f6chten wir Sie darauf hinweisen, dass es f\u00fcr einen reibungslosen Ablauf Ihrer Reise gem\u00e4\u00df dem geplanten Zeitplan wichtig ist, dass Sie Ihren Visumantrag mindestens einen Monat vor Ihrem geplanten Reisetermin einreichen, um eventuelle Verz\u00f6gerungen bei der Visumausstellung zu vermeiden, und dass Sie \u00fcber ein Reisedokument\/einen Reisepass verf\u00fcgen, das\/der ab dem Reisedatum noch mindestens 6 Monate g\u00fcltig ist.<\/p>\n<\/div>\n\t\t<\/div><\/div><\/div><\/div>","protected":false},"excerpt":{"rendered":"<p>Unsere professionellen Reiseberater bieten Ihnen die notwendige Unterst\u00fctzung, um Ihre Visumsformalit\u00e4ten schnell und m\u00fchelos zu erledigen.<\/p>\n","protected":false},"author":1,"featured_media":1290,"parent":0,"menu_order":0,"comment_status":"closed","ping_status":"closed","template":"","meta":{"footnotes":""},"class_list":["post-988","page","type-page","status-publish","has-post-thumbnail","hentry"],"aioseo_notices":[],"_links":{"self":[{"href":"https:\/\/www.alphamicetour.com\/de\/wp-json\/wp\/v2\/pages\/988","targetHints":{"allow":["GET"]}}],"collection":[{"href":"https:\/\/www.alphamicetour.com\/de\/wp-json\/wp\/v2\/pages"}],"about":[{"href":"https:\/\/www.alphamicetour.com\/de\/wp-json\/wp\/v2\/types\/page"}],"author":[{"embeddable":true,"href":"https:\/\/www.alphamicetour.com\/de\/wp-json\/wp\/v2\/users\/1"}],"replies":[{"embeddable":true,"href":"https:\/\/www.alphamicetour.com\/de\/wp-json\/wp\/v2\/comments?post=988"}],"version-history":[{"count":6,"href":"https:\/\/www.alphamicetour.com\/de\/wp-json\/wp\/v2\/pages\/988\/revisions"}],"predecessor-version":[{"id":1584,"href":"https:\/\/www.alphamicetour.com\/de\/wp-json\/wp\/v2\/pages\/988\/revisions\/1584"}],"wp:featuredmedia":[{"embeddable":true,"href":"https:\/\/www.alphamicetour.com\/de\/wp-json\/wp\/v2\/media\/1290"}],"wp:attachment":[{"href":"https:\/\/www.alphamicetour.com\/de\/wp-json\/wp\/v2\/media?parent=988"}],"curies":[{"name":"wp","href":"https:\/\/api.w.org\/{rel}","templated":true}]}}