{"id":990,"date":"2022-03-19T14:41:13","date_gmt":"2022-03-19T14:41:13","guid":{"rendered":"https:\/\/mobilexport.com\/?page_id=990"},"modified":"2026-02-14T15:00:38","modified_gmt":"2026-02-14T15:00:38","slug":"unterkunft","status":"publish","type":"page","link":"https:\/\/www.alphamicetour.com\/de\/unterkunft\/","title":{"rendered":"Unterkunft"},"content":{"rendered":"<div id=\"pl-gb990-69e60ce0bd62f\"  class=\"panel-layout panel-layout\" ><div id=\"pg-gb990-69e60ce0bd62f-0\"  class=\"panel-grid panel-no-style\" ><div id=\"pgc-gb990-69e60ce0bd62f-0-0\"  class=\"panel-grid-cell\"  data-weight=\"1\" ><div id=\"panel-gb990-69e60ce0bd62f-0-0-0\" class=\"so-panel widget widget_text panel-first-child panel-last-child\" data-index=\"0\" data-style=\"{&quot;background_image_attachment&quot;:false,&quot;background_display&quot;:&quot;tile&quot;,&quot;background_image_size&quot;:&quot;full&quot;,&quot;background_image_opacity&quot;:&quot;100&quot;,&quot;border_thickness&quot;:&quot;1px&quot;}\" >\t\t\t<div class=\"textwidget\"><h2 class=\"wp-block-heading\">Erleben Sie das Leben wie ein Einheimischer in der T\u00fcrkei mit unseren vielf\u00e4ltigen Unterkunftsm\u00f6glichkeiten.<\/h2>\n<p>Sie werden sich genauso wohl f\u00fchlen wie in Ihrem eigenen Zuhause.<\/p>\n<p><strong>Hotel<\/strong><\/p>\n<p>W\u00e4hrend Ihrer Behandlung organisieren wir f\u00fcr Sie und Ihre Angeh\u00f6rigen \u2013 ganz nach Ihren W\u00fcnschen \u2013 eine Unterkunft in 4- und 5-Sterne-Stadthotels. Unsere Agentur ist Mitglied des Verbandes T\u00fcrkischer Reiseb\u00fcros (T\u00dcRSAB).<\/p>\n<p>Wir verf\u00fcgen \u00fcber Vereinbarungen mit Hotels im Stadtzentrum, die leicht erreichbar sind und sich in der N\u00e4he von Einkaufszentren sowie kulturellen und historischen Sehensw\u00fcrdigkeiten befinden. Gerne bieten wir Ihnen auf Ihre Bed\u00fcrfnisse zugeschnittene Hoteloptionen zu erm\u00e4\u00dfigten Preisen an \u2013 in der von Ihnen gew\u00fcnschten Zimmerkategorie und Komfortstufe.<\/p>\n<\/div>\n\t\t<\/div><\/div><\/div><\/div>","protected":false},"excerpt":{"rendered":"<p>Erleben Sie das Leben wie ein Einheimischer in der T\u00fcrkei mit unseren vielf\u00e4ltigen Unterkunftsm\u00f6glichkeiten. Dank unseres Engagements f\u00fcr Gesundheit und Wohlbefinden werden Sie sich wie zu Hause f\u00fchlen.<\/p>\n","protected":false},"author":1,"featured_media":1285,"parent":0,"menu_order":0,"comment_status":"closed","ping_status":"closed","template":"","meta":{"footnotes":""},"class_list":["post-990","page","type-page","status-publish","has-post-thumbnail","hentry"],"aioseo_notices":[],"_links":{"self":[{"href":"https:\/\/www.alphamicetour.com\/de\/wp-json\/wp\/v2\/pages\/990","targetHints":{"allow":["GET"]}}],"collection":[{"href":"https:\/\/www.alphamicetour.com\/de\/wp-json\/wp\/v2\/pages"}],"about":[{"href":"https:\/\/www.alphamicetour.com\/de\/wp-json\/wp\/v2\/types\/page"}],"author":[{"embeddable":true,"href":"https:\/\/www.alphamicetour.com\/de\/wp-json\/wp\/v2\/users\/1"}],"replies":[{"embeddable":true,"href":"https:\/\/www.alphamicetour.com\/de\/wp-json\/wp\/v2\/comments?post=990"}],"version-history":[{"count":6,"href":"https:\/\/www.alphamicetour.com\/de\/wp-json\/wp\/v2\/pages\/990\/revisions"}],"predecessor-version":[{"id":1578,"href":"https:\/\/www.alphamicetour.com\/de\/wp-json\/wp\/v2\/pages\/990\/revisions\/1578"}],"wp:featuredmedia":[{"embeddable":true,"href":"https:\/\/www.alphamicetour.com\/de\/wp-json\/wp\/v2\/media\/1285"}],"wp:attachment":[{"href":"https:\/\/www.alphamicetour.com\/de\/wp-json\/wp\/v2\/media?parent=990"}],"curies":[{"name":"wp","href":"https:\/\/api.w.org\/{rel}","templated":true}]}}