{"id":994,"date":"2022-03-19T14:42:03","date_gmt":"2022-03-19T14:42:03","guid":{"rendered":"https:\/\/mobilexport.com\/?page_id=994"},"modified":"2026-02-14T15:01:59","modified_gmt":"2026-02-14T15:01:59","slug":"flugbuchung","status":"publish","type":"page","link":"https:\/\/www.alphamicetour.com\/de\/flugbuchung\/","title":{"rendered":"Flugbuchung"},"content":{"rendered":"<div id=\"pl-gb994-69e60e944ecb1\"  class=\"panel-layout panel-layout\" ><div id=\"pg-gb994-69e60e944ecb1-0\"  class=\"panel-grid panel-no-style\" ><div id=\"pgc-gb994-69e60e944ecb1-0-0\"  class=\"panel-grid-cell\"  data-weight=\"1\" ><div id=\"panel-gb994-69e60e944ecb1-0-0-0\" class=\"so-panel widget widget_text panel-first-child panel-last-child\" data-index=\"0\" data-style=\"{&quot;background_image_attachment&quot;:false,&quot;background_display&quot;:&quot;tile&quot;,&quot;background_image_size&quot;:&quot;full&quot;,&quot;background_image_opacity&quot;:&quot;100&quot;,&quot;border_thickness&quot;:&quot;1px&quot;}\" >\t\t\t<div class=\"textwidget\"><p data-start=\"42\" data-end=\"461\">Als Mitglied der International Air Transport Association (IATA) sucht unsere Organisation nach Tickets aller nationalen und internationalen Fluggesellschaften und bietet Flugalternativen an, die Ihrem Budget und Ihren Reisepl\u00e4nen entsprechen. Wir vergleichen die Ticketpreise aller Fluggesellschaften entsprechend Ihrem gew\u00e4hlten Reisedatum und Ihrer Route und pr\u00e4sentieren Ihnen kosteng\u00fcnstige Flugticket-Alternativen.<\/p>\n<p data-start=\"463\" data-end=\"829\" data-is-last-node=\"\" data-is-only-node=\"\">Mit unseren professionellen Reiseberatungsdiensten k\u00f6nnen Sie sicher und m\u00fchelos Economy-Class-Flugtickets aller Fluggesellschaften \u00fcber unser Callcenter erwerben. Im Rahmen unseres personalisierten Beratungsservices \u00fcberwachen unsere Reiseberater Ihre Optionsfristen in Ihrem Namen und unterst\u00fctzen Sie zeitnah bei Reservierungs\u00e4nderungen oder Stornierungsanfragen.<\/p>\n<\/div>\n\t\t<\/div><\/div><\/div><\/div>","protected":false},"excerpt":{"rendered":"<p>Sie k\u00f6nnen sicher und m\u00fchelos Economy-Class-Flugtickets aller Fluggesellschaften kaufen, indem Sie sich an unser Callcenter wenden.<\/p>\n","protected":false},"author":1,"featured_media":1286,"parent":0,"menu_order":0,"comment_status":"closed","ping_status":"closed","template":"","meta":{"footnotes":""},"class_list":["post-994","page","type-page","status-publish","has-post-thumbnail","hentry"],"aioseo_notices":[],"_links":{"self":[{"href":"https:\/\/www.alphamicetour.com\/de\/wp-json\/wp\/v2\/pages\/994","targetHints":{"allow":["GET"]}}],"collection":[{"href":"https:\/\/www.alphamicetour.com\/de\/wp-json\/wp\/v2\/pages"}],"about":[{"href":"https:\/\/www.alphamicetour.com\/de\/wp-json\/wp\/v2\/types\/page"}],"author":[{"embeddable":true,"href":"https:\/\/www.alphamicetour.com\/de\/wp-json\/wp\/v2\/users\/1"}],"replies":[{"embeddable":true,"href":"https:\/\/www.alphamicetour.com\/de\/wp-json\/wp\/v2\/comments?post=994"}],"version-history":[{"count":9,"href":"https:\/\/www.alphamicetour.com\/de\/wp-json\/wp\/v2\/pages\/994\/revisions"}],"predecessor-version":[{"id":1579,"href":"https:\/\/www.alphamicetour.com\/de\/wp-json\/wp\/v2\/pages\/994\/revisions\/1579"}],"wp:featuredmedia":[{"embeddable":true,"href":"https:\/\/www.alphamicetour.com\/de\/wp-json\/wp\/v2\/media\/1286"}],"wp:attachment":[{"href":"https:\/\/www.alphamicetour.com\/de\/wp-json\/wp\/v2\/media?parent=994"}],"curies":[{"name":"wp","href":"https:\/\/api.w.org\/{rel}","templated":true}]}}