{"id":996,"date":"2022-03-19T14:42:23","date_gmt":"2022-03-19T14:42:23","guid":{"rendered":"https:\/\/mobilexport.com\/?page_id=996"},"modified":"2026-02-14T15:04:35","modified_gmt":"2026-02-14T15:04:35","slug":"transferdienste","status":"publish","type":"page","link":"https:\/\/www.alphamicetour.com\/de\/transferdienste\/","title":{"rendered":"Transferdienste"},"content":{"rendered":"<div id=\"pl-gb996-69e60cbb9b587\"  class=\"panel-layout panel-layout\" ><div id=\"pg-gb996-69e60cbb9b587-0\"  class=\"panel-grid panel-no-style\" ><div id=\"pgc-gb996-69e60cbb9b587-0-0\"  class=\"panel-grid-cell\"  data-weight=\"1\" ><div id=\"panel-gb996-69e60cbb9b587-0-0-0\" class=\"so-panel widget widget_text panel-first-child panel-last-child\" data-index=\"0\" data-style=\"{&quot;background_image_attachment&quot;:false,&quot;background_display&quot;:&quot;tile&quot;,&quot;background_image_size&quot;:&quot;full&quot;,&quot;background_image_opacity&quot;:&quot;100&quot;,&quot;border_thickness&quot;:&quot;1px&quot;}\" >\t\t\t<div class=\"textwidget\"><p>Patienten und ihre Angeh\u00f6rigen, die aus verschiedenen L\u00e4ndern und St\u00e4dten anreisen, werden am Flughafen abgeholt und mit speziellen Shuttles und Fahrzeugen zu ihren geplanten Zielen gebracht. Wenn es aufgrund des Gesundheitszustands unserer Patienten erforderlich ist, wird f\u00fcr diese Transfers auch eine voll ausgestattete Ambulanz bereitgestellt. Nach Ihrer Ankunft in unserem Land begleiten Sie Reisevertreter unseres Unternehmens w\u00e4hrend Ihrer gesamten Reise, beginnend mit der Abholung vom Flughafen, um sicherzustellen, dass alle Ihre W\u00fcnsche und Bed\u00fcrfnisse vollst\u00e4ndig erf\u00fcllt werden.<\/p>\n<\/div>\n\t\t<\/div><\/div><\/div><\/div>","protected":false},"excerpt":{"rendered":"<p>Patienten und ihre Angeh\u00f6rigen, die aus verschiedenen L\u00e4ndern und St\u00e4dten anreisen, werden am Flughafen abgeholt und erhalten einen Transferservice&#8230;<\/p>\n","protected":false},"author":1,"featured_media":1288,"parent":0,"menu_order":0,"comment_status":"closed","ping_status":"closed","template":"","meta":{"footnotes":""},"class_list":["post-996","page","type-page","status-publish","has-post-thumbnail","hentry"],"aioseo_notices":[],"_links":{"self":[{"href":"https:\/\/www.alphamicetour.com\/de\/wp-json\/wp\/v2\/pages\/996","targetHints":{"allow":["GET"]}}],"collection":[{"href":"https:\/\/www.alphamicetour.com\/de\/wp-json\/wp\/v2\/pages"}],"about":[{"href":"https:\/\/www.alphamicetour.com\/de\/wp-json\/wp\/v2\/types\/page"}],"author":[{"embeddable":true,"href":"https:\/\/www.alphamicetour.com\/de\/wp-json\/wp\/v2\/users\/1"}],"replies":[{"embeddable":true,"href":"https:\/\/www.alphamicetour.com\/de\/wp-json\/wp\/v2\/comments?post=996"}],"version-history":[{"count":7,"href":"https:\/\/www.alphamicetour.com\/de\/wp-json\/wp\/v2\/pages\/996\/revisions"}],"predecessor-version":[{"id":1582,"href":"https:\/\/www.alphamicetour.com\/de\/wp-json\/wp\/v2\/pages\/996\/revisions\/1582"}],"wp:featuredmedia":[{"embeddable":true,"href":"https:\/\/www.alphamicetour.com\/de\/wp-json\/wp\/v2\/media\/1288"}],"wp:attachment":[{"href":"https:\/\/www.alphamicetour.com\/de\/wp-json\/wp\/v2\/media?parent=996"}],"curies":[{"name":"wp","href":"https:\/\/api.w.org\/{rel}","templated":true}]}}