{"id":998,"date":"2022-03-19T14:43:03","date_gmt":"2022-03-19T14:43:03","guid":{"rendered":"https:\/\/mobilexport.com\/?page_id=998"},"modified":"2026-02-14T15:03:33","modified_gmt":"2026-02-14T15:03:33","slug":"versicherungsdienstleistungen","status":"publish","type":"page","link":"https:\/\/www.alphamicetour.com\/de\/versicherungsdienstleistungen\/","title":{"rendered":"Versicherungsdienstleistungen"},"content":{"rendered":"<div id=\"pl-gb998-69e60ce0bc39e\"  class=\"panel-layout panel-layout\" ><div id=\"pg-gb998-69e60ce0bc39e-0\"  class=\"panel-grid panel-no-style\" ><div id=\"pgc-gb998-69e60ce0bc39e-0-0\"  class=\"panel-grid-cell\"  data-weight=\"1\" ><div id=\"panel-gb998-69e60ce0bc39e-0-0-0\" class=\"so-panel widget widget_text panel-first-child panel-last-child\" data-index=\"0\" data-style=\"{&quot;background_image_attachment&quot;:false,&quot;background_display&quot;:&quot;tile&quot;,&quot;background_image_size&quot;:&quot;full&quot;,&quot;background_image_opacity&quot;:&quot;100&quot;,&quot;border_thickness&quot;:&quot;1px&quot;}\" >\t\t\t<div class=\"textwidget\"><p data-start=\"77\" data-end=\"353\">Um m\u00f6gliche finanzielle Bedenken vor Ihrer Reise zu minimieren \u2013 wobei die menschliche Gesundheit stets oberste Priorit\u00e4t hat \u2013 stehen Ihnen unsere Reiseberater zur Verf\u00fcgung, um Ihre Fragen zu Versicherungsleistungen zu beantworten und die notwendige Unterst\u00fctzung zu bieten.<\/p>\n<p data-start=\"355\" data-end=\"701\">Falls Sie \u00fcber eine internationale Krankenversicherung verf\u00fcgen oder die Behandlungskosten im Zusammenhang mit Ihrer Reise von einer staatlichen Stelle \u00fcbernommen werden, informieren Sie bitte unsere Unternehmensvertreter vor Ihrer Reise. Wir werden die erforderlichen Vorkehrungen treffen, damit alle Verfahren ordnungsgem\u00e4\u00df durchgef\u00fchrt werden.<\/p>\n<p data-start=\"703\" data-end=\"990\" data-is-last-node=\"\" data-is-only-node=\"\">Sollten Sie \u00fcber keinen Versicherungsschutz verf\u00fcgen, informieren Sie unsere Berater auf Wunsch ausf\u00fchrlich \u00fcber die umfassendsten und zugleich wirtschaftlichsten privaten Versicherungspolicen, die w\u00e4hrend Ihres Aufenthalts in unserem Land sowohl Sie als auch Ihre Angeh\u00f6rigen absichern.<\/p>\n<\/div>\n\t\t<\/div><\/div><\/div><\/div>","protected":false},"excerpt":{"rendered":"<p>Unsere Reiseberater stehen Ihnen gerne zur Verf\u00fcgung, um Ihre Fragen zu Versicherungsdienstleistungen zu beantworten und Ihnen die erforderliche Unterst\u00fctzung zu bieten.<\/p>\n","protected":false},"author":1,"featured_media":1287,"parent":0,"menu_order":0,"comment_status":"closed","ping_status":"closed","template":"","meta":{"footnotes":""},"class_list":["post-998","page","type-page","status-publish","has-post-thumbnail","hentry"],"aioseo_notices":[],"_links":{"self":[{"href":"https:\/\/www.alphamicetour.com\/de\/wp-json\/wp\/v2\/pages\/998","targetHints":{"allow":["GET"]}}],"collection":[{"href":"https:\/\/www.alphamicetour.com\/de\/wp-json\/wp\/v2\/pages"}],"about":[{"href":"https:\/\/www.alphamicetour.com\/de\/wp-json\/wp\/v2\/types\/page"}],"author":[{"embeddable":true,"href":"https:\/\/www.alphamicetour.com\/de\/wp-json\/wp\/v2\/users\/1"}],"replies":[{"embeddable":true,"href":"https:\/\/www.alphamicetour.com\/de\/wp-json\/wp\/v2\/comments?post=998"}],"version-history":[{"count":9,"href":"https:\/\/www.alphamicetour.com\/de\/wp-json\/wp\/v2\/pages\/998\/revisions"}],"predecessor-version":[{"id":1581,"href":"https:\/\/www.alphamicetour.com\/de\/wp-json\/wp\/v2\/pages\/998\/revisions\/1581"}],"wp:featuredmedia":[{"embeddable":true,"href":"https:\/\/www.alphamicetour.com\/de\/wp-json\/wp\/v2\/media\/1287"}],"wp:attachment":[{"href":"https:\/\/www.alphamicetour.com\/de\/wp-json\/wp\/v2\/media?parent=998"}],"curies":[{"name":"wp","href":"https:\/\/api.w.org\/{rel}","templated":true}]}}