{"id":174,"date":"2018-04-24T08:31:27","date_gmt":"2018-04-24T08:31:27","guid":{"rendered":"http:\/\/demo.acmethemes.com\/construction-field-pro\/?page_id=27"},"modified":"2026-02-13T21:39:59","modified_gmt":"2026-02-13T21:39:59","slug":"contact","status":"publish","type":"page","link":"https:\/\/www.alphamicetour.com\/en\/contact\/","title":{"rendered":"Contact"},"content":{"rendered":"<div id=\"pl-174\"  class=\"panel-layout\" ><div id=\"pg-174-0\"  class=\"panel-grid panel-no-style\" ><div id=\"pgc-174-0-0\"  class=\"panel-grid-cell\" ><div id=\"panel-174-0-0-0\" class=\"so-panel widget widget_text panel-first-child panel-last-child\" data-index=\"0\" >\t\t\t<div class=\"textwidget\"><h3 style=\"font-size: 30px;\">Contact Information<\/h3>\n<p><strong>Address:<\/strong> \u00d6RNEK MAH. ERC\u00dcMENT BATANAY ST. DUMANKAYA IKON A1 BLOCK NO: 14 A, APARTMENT NO: 9, ATA\u015eEH\u0130R \/ ISTANBUL<\/p>\n<p><strong>Phone:<\/strong> +90 850 307 47 91<br \/>\n<strong>E-Mail:<\/strong> info@alphamicetour.com.tr<\/p>\n<\/div>\n\t\t<\/div><\/div><div id=\"pgc-174-0-1\"  class=\"panel-grid-cell\" ><div id=\"panel-174-0-1-0\" class=\"widget_text so-panel widget widget_custom_html panel-first-child panel-last-child\" data-index=\"1\" ><div class=\"textwidget custom-html-widget\"><iframe loading=\"lazy\" style=\"border: 0;\" src=\"https:\/\/www.google.com\/maps\/embed?pb=!1m18!1m12!1m3!1d1505.733659052964!2d29.08366344830715!3d40.99314369887634!2m3!1f0!2f0!3f0!3m2!1i1024!2i768!4f13.1!3m3!1m2!1s0x14cacbb56a3b6bd1%3A0xe7ec96df76e63b12!2sMedicalArtTurkey!5e0!3m2!1str!2str!4v1770985070712!5m2!1str!2str\" width=\"100%\" height=\"400\" allowfullscreen=\"\"><\/iframe><\/div><\/div><\/div><\/div><\/div>","protected":false},"excerpt":{"rendered":"<p>Contact Information Address: \u00d6RNEK MAH. ERC\u00dcMENT BATANAY ST. DUMANKAYA IKON A1 BLOCK NO: 14 A, APARTMENT NO: 9, ATA\u015eEH\u0130R \/ ISTANBUL Phone: +90 850 307 47 91 E-Mail: info@alphamicetour.com.tr<\/p>\n","protected":false},"author":1,"featured_media":0,"parent":0,"menu_order":0,"comment_status":"closed","ping_status":"closed","template":"","meta":{"footnotes":""},"class_list":["post-174","page","type-page","status-publish","hentry"],"aioseo_notices":[],"_links":{"self":[{"href":"https:\/\/www.alphamicetour.com\/en\/wp-json\/wp\/v2\/pages\/174","targetHints":{"allow":["GET"]}}],"collection":[{"href":"https:\/\/www.alphamicetour.com\/en\/wp-json\/wp\/v2\/pages"}],"about":[{"href":"https:\/\/www.alphamicetour.com\/en\/wp-json\/wp\/v2\/types\/page"}],"author":[{"embeddable":true,"href":"https:\/\/www.alphamicetour.com\/en\/wp-json\/wp\/v2\/users\/1"}],"replies":[{"embeddable":true,"href":"https:\/\/www.alphamicetour.com\/en\/wp-json\/wp\/v2\/comments?post=174"}],"version-history":[{"count":30,"href":"https:\/\/www.alphamicetour.com\/en\/wp-json\/wp\/v2\/pages\/174\/revisions"}],"predecessor-version":[{"id":1168,"href":"https:\/\/www.alphamicetour.com\/en\/wp-json\/wp\/v2\/pages\/174\/revisions\/1168"}],"wp:attachment":[{"href":"https:\/\/www.alphamicetour.com\/en\/wp-json\/wp\/v2\/media?parent=174"}],"curies":[{"name":"wp","href":"https:\/\/api.w.org\/{rel}","templated":true}]}}