{"id":895,"date":"2022-03-19T07:16:53","date_gmt":"2022-03-19T07:16:53","guid":{"rendered":"https:\/\/mobilexport.com\/?page_id=895"},"modified":"2026-02-13T23:04:50","modified_gmt":"2026-02-13T23:04:50","slug":"about-us","status":"publish","type":"page","link":"https:\/\/www.alphamicetour.com\/en\/about-us\/","title":{"rendered":"About us"},"content":{"rendered":"<div id=\"pl-gb895-69e07b00df6c3\"  class=\"panel-layout\" ><div id=\"pg-gb895-69e07b00df6c3-0\"  class=\"panel-grid panel-no-style\"  data-style=\"{&quot;background_image_attachment&quot;:false,&quot;background_display&quot;:&quot;tile&quot;,&quot;background_image_size&quot;:&quot;full&quot;,&quot;background_image_opacity&quot;:&quot;100&quot;,&quot;border_thickness&quot;:&quot;1px&quot;,&quot;full_height&quot;:&quot;&quot;,&quot;cell_alignment&quot;:&quot;flex-start&quot;}\" ><div id=\"pgc-gb895-69e07b00df6c3-0-0\"  class=\"panel-grid-cell\"  data-weight=\"1\" ><div id=\"panel-gb895-69e07b00df6c3-0-0-0\" class=\"so-panel widget widget_text panel-first-child panel-last-child\" data-index=\"0\" data-style=\"{&quot;background_image_attachment&quot;:false,&quot;background_display&quot;:&quot;tile&quot;,&quot;background_image_size&quot;:&quot;full&quot;,&quot;background_image_opacity&quot;:&quot;100&quot;,&quot;border_thickness&quot;:&quot;1px&quot;}\" >\t\t\t<div class=\"textwidget\"><h3 class=\"wp-block-heading\"><strong>In addition to health tourism services, we also provide airport transfers for our patients, from the airport to high-quality hotels and back to the airport. We offer comfortable and affordable accommodation at our contracted hotels, tailored to their budget and individual needs.<\/strong><\/h3>\n<h2 class=\"wp-block-heading\">We also assist our patients in benefiting from potential discounts offered by certain companies, such as Turkish Airlines.<\/h2>\n<p>Upon request by our patients, we organize guided tours to historical sites, shopping malls, the Grand Bazaar in Istanbul, or other well-known touristic cities (Antalya, Bodrum, \u0130zmir, Ephesus, Ku\u015fadas\u0131, Bursa, Cappadocia), accompanied by experienced translators, according to their budget and schedule.<\/p>\n<\/div>\n\t\t<\/div><\/div><\/div><\/div>","protected":false},"excerpt":{"rendered":"<p>In addition to professional medical tourism, we also provide our patients with transport from the airport to quality hotels and back to the airport.<\/p>\n","protected":false},"author":1,"featured_media":1282,"parent":0,"menu_order":0,"comment_status":"closed","ping_status":"closed","template":"","meta":{"footnotes":""},"class_list":["post-895","page","type-page","status-publish","has-post-thumbnail","hentry"],"aioseo_notices":[],"_links":{"self":[{"href":"https:\/\/www.alphamicetour.com\/en\/wp-json\/wp\/v2\/pages\/895","targetHints":{"allow":["GET"]}}],"collection":[{"href":"https:\/\/www.alphamicetour.com\/en\/wp-json\/wp\/v2\/pages"}],"about":[{"href":"https:\/\/www.alphamicetour.com\/en\/wp-json\/wp\/v2\/types\/page"}],"author":[{"embeddable":true,"href":"https:\/\/www.alphamicetour.com\/en\/wp-json\/wp\/v2\/users\/1"}],"replies":[{"embeddable":true,"href":"https:\/\/www.alphamicetour.com\/en\/wp-json\/wp\/v2\/comments?post=895"}],"version-history":[{"count":13,"href":"https:\/\/www.alphamicetour.com\/en\/wp-json\/wp\/v2\/pages\/895\/revisions"}],"predecessor-version":[{"id":1545,"href":"https:\/\/www.alphamicetour.com\/en\/wp-json\/wp\/v2\/pages\/895\/revisions\/1545"}],"wp:featuredmedia":[{"embeddable":true,"href":"https:\/\/www.alphamicetour.com\/en\/wp-json\/wp\/v2\/media\/1282"}],"wp:attachment":[{"href":"https:\/\/www.alphamicetour.com\/en\/wp-json\/wp\/v2\/media?parent=895"}],"curies":[{"name":"wp","href":"https:\/\/api.w.org\/{rel}","templated":true}]}}